{"id":10,"date":"2020-04-14T13:39:00","date_gmt":"2020-04-14T13:39:00","guid":{"rendered":"http:\/\/baeren-holziken.ch\/?page_id=10"},"modified":"2026-04-21T09:54:03","modified_gmt":"2026-04-21T07:54:03","slug":"willkommen","status":"publish","type":"page","link":"http:\/\/baeren-holziken.ch\/","title":{"rendered":"Herzlich Willkommen"},"content":{"rendered":"\n<figure class=\"wp-block-image size-full\"><img loading=\"lazy\" decoding=\"async\" width=\"895\" height=\"552\" src=\"https:\/\/baeren-holziken.ch\/wp-content\/uploads\/2026\/04\/IMG_7483.jpg\" alt=\"\" class=\"wp-image-1815\" srcset=\"http:\/\/baeren-holziken.ch\/wp-content\/uploads\/2026\/04\/IMG_7483.jpg 895w, http:\/\/baeren-holziken.ch\/wp-content\/uploads\/2026\/04\/IMG_7483-300x185.jpg 300w, http:\/\/baeren-holziken.ch\/wp-content\/uploads\/2026\/04\/IMG_7483-768x474.jpg 768w\" sizes=\"auto, (max-width: 706px) 89vw, (max-width: 767px) 82vw, 740px\" \/><\/figure>\n\n\n\n<p><br><\/p>\n\n\n\n<figure class=\"wp-block-image size-large\"><img loading=\"lazy\" decoding=\"async\" width=\"731\" height=\"1024\" src=\"https:\/\/baeren-holziken.ch\/wp-content\/uploads\/2026\/03\/IMG_7450-731x1024.jpg\" alt=\"\" class=\"wp-image-1798\" srcset=\"http:\/\/baeren-holziken.ch\/wp-content\/uploads\/2026\/03\/IMG_7450-731x1024.jpg 731w, http:\/\/baeren-holziken.ch\/wp-content\/uploads\/2026\/03\/IMG_7450-214x300.jpg 214w, http:\/\/baeren-holziken.ch\/wp-content\/uploads\/2026\/03\/IMG_7450-768x1075.jpg 768w, http:\/\/baeren-holziken.ch\/wp-content\/uploads\/2026\/03\/IMG_7450.jpg 960w\" sizes=\"auto, (max-width: 731px) 100vw, 731px\" \/><\/figure>\n\n\n\n<p class=\"has-text-align-center has-black-color has-vivid-green-cyan-background-color has-text-color has-background has-normal-font-size\"><strong>T\u00e4glich durchgehend warme K\u00fcche ab 11.30 &#8211; 21.00 Uhr<br>Sonntag bis 20.15 Uhr<\/strong><\/p>\n\n\n\n<h2 class=\"wp-block-heading has-vivid-red-color has-white-background-color has-text-color has-background has-normal-font-size\"><mark style=\"background-color:rgba(0, 0, 0, 0)\" class=\"has-inline-color has-black-color\">Die Gasthaus B\u00e4ren AG  ist ein renommiertes Restaurant <br>mit einer qualitativ hochwertigen Schweizer K\u00fcche. &nbsp;<\/mark><\/h2>\n\n\n\n<p class=\"has-text-align-left has-normal-font-size\">Unser Motto: <strong>regional hausgemacht frisch<\/strong><br><br>In Zusammenarbeit mit dem IP-Betrieb M\u00fcller Peter, Ufhusen, Ehemann von Irene M\u00fcller Chefin, verarbeitet der Chef Nussbaum Werner vom Hof produziertes Fleisch vom Rind, Lamm, Schwein und Kaninchen in der hauseigenen Metzgerei zu hausgemachten Spezialit\u00e4ten die jeweils unsere Saison- und Speisekarte bereichern. <\/p>\n\n\n\n<p class=\"has-text-align-left has-normal-font-size\">Essen ist ein Bed\u00fcrfnis. Geniessen eine Kunst.<\/p>\n\n\n\n<p class=\"has-text-align-left has-normal-font-size\">Sch\u00f6n Sie bei uns zu haben!<\/p>\n\n\n\n<p><\/p>\n\n\n\n<p class=\"has-text-align-center\"><strong>Tragen sie sich doch in unseren Newsletter ein und verpassen sie keine Aktion!!<\/strong><\/p>\n\n\n\n<div class=\"wp-block-group\"><div class=\"wp-block-group__inner-container is-layout-flow wp-block-group-is-layout-flow\">  \n  \n  <div class=\"\n    mailpoet_form_popup_overlay\n      \"><\/div>\n  <div\n    id=\"mailpoet_form_1\"\n    class=\"\n      mailpoet_form\n      mailpoet_form_html\n      mailpoet_form_position_\n      mailpoet_form_animation_\n    \"\n      >\n\n    <style type=\"text\/css\">\n     #mailpoet_form_1 .mailpoet_form { padding: 10px; }\n#mailpoet_form_1 .mailpoet_column_with_background { padding: 10px; }\n#mailpoet_form_1 .mailpoet_form_column:not(:first-child) { margin-left: 20px; }\n#mailpoet_form_1 .mailpoet_paragraph { line-height: 20px; margin-bottom: 20px; }\n#mailpoet_form_1 .mailpoet_segment_label, #mailpoet_form_1 .mailpoet_text_label, #mailpoet_form_1 .mailpoet_textarea_label, #mailpoet_form_1 .mailpoet_select_label, #mailpoet_form_1 .mailpoet_radio_label, #mailpoet_form_1 .mailpoet_checkbox_label, #mailpoet_form_1 .mailpoet_list_label, #mailpoet_form_1 .mailpoet_date_label { display: block; font-weight: normal; }\n#mailpoet_form_1 .mailpoet_text, #mailpoet_form_1 .mailpoet_textarea, #mailpoet_form_1 .mailpoet_select, #mailpoet_form_1 .mailpoet_date_month, #mailpoet_form_1 .mailpoet_date_day, #mailpoet_form_1 .mailpoet_date_year, #mailpoet_form_1 .mailpoet_date { display: block; }\n#mailpoet_form_1 .mailpoet_text, #mailpoet_form_1 .mailpoet_textarea { width: 200px; }\n#mailpoet_form_1 .mailpoet_checkbox {  }\n#mailpoet_form_1 .mailpoet_submit {  }\n#mailpoet_form_1 .mailpoet_divider {  }\n#mailpoet_form_1 .mailpoet_message {  }\n#mailpoet_form_1 .mailpoet_validate_success { font-weight: 600; color: #468847; }\n#mailpoet_form_1 .mailpoet_validate_error { color: #b94a48; }\n#mailpoet_form_1 .mailpoet_form_loading { width: 30px; text-align: center; line-height: normal; }\n#mailpoet_form_1 .mailpoet_form_loading > span { width: 5px; height: 5px; background-color: #5b5b5b; }#mailpoet_form_1{;}#mailpoet_form_1 .mailpoet_message {margin: 0; padding: 0 20px;}#mailpoet_form_1 .mailpoet_paragraph.last {margin-bottom: 0} @media (max-width: 500px) {#mailpoet_form_1 {background-image: none;}} @media (min-width: 500px) {#mailpoet_form_1 .last .mailpoet_paragraph:last-child {margin-bottom: 0}}  @media (max-width: 500px) {#mailpoet_form_1 .mailpoet_form_column:last-child .mailpoet_paragraph:last-child {margin-bottom: 0}} \n    <\/style>\n\n    <form\n      target=\"_self\"\n      method=\"post\"\n      action=\"http:\/\/baeren-holziken.ch\/wp-admin\/admin-post.php?action=mailpoet_subscription_form\"\n      class=\"mailpoet_form mailpoet_form_form mailpoet_form_html\"\n      novalidate\n      data-delay=\"\"\n      data-exit-intent-enabled=\"\"\n      data-trigger-mode=\"\"\n      data-click-trigger-selector=\"\"\n      data-font-family=\"\"\n      data-cookie-expiration-time=\"\"\n    >\n      <input type=\"hidden\" name=\"data[form_id]\" value=\"1\" \/>\n      <input type=\"hidden\" name=\"token\" value=\"9a4a343426\" \/>\n      <input type=\"hidden\" name=\"api_version\" value=\"v1\" \/>\n      <input type=\"hidden\" name=\"endpoint\" value=\"subscribers\" \/>\n      <input type=\"hidden\" name=\"mailpoet_method\" value=\"subscribe\" \/>\n\n      <label class=\"mailpoet_hp_email_label\" style=\"display: none !important;\">Bitte dieses Feld leer lassen<input type=\"email\" name=\"data[email]\"\/><\/label><div class=\"mailpoet_paragraph \"><label for=\"form_first_name_1\" class=\"mailpoet_text_label\"  data-automation-id=\"form_first_name_label\" >Vorname<\/label><input type=\"text\" autocomplete=\"given-name\" class=\"mailpoet_text\" id=\"form_first_name_1\" name=\"data[form_field_ZTliMzQxYzZhNTU1X2ZpcnN0X25hbWU=]\" title=\"Vorname\" value=\"\" data-automation-id=\"form_first_name\" data-parsley-errors-container=\".mailpoet_error_15h6c\" data-parsley-names='[&quot;Bitte gib einen g\u00fcltigen Namen an.&quot;,&quot;Adressen in Namen sind nicht erlaubt, bitte f\u00fcge stattdessen deinen Namen hinzu.&quot;]'\/><span class=\"mailpoet_error_15h6c\"><\/span><\/div>\n<div class=\"mailpoet_paragraph \"><label for=\"form_email_1\" class=\"mailpoet_text_label\"  data-automation-id=\"form_email_label\" >E-Mail&nbsp;<span class=\"mailpoet_required\" aria-hidden=\"true\">*<\/span><\/label><input type=\"email\" autocomplete=\"email\" class=\"mailpoet_text\" id=\"form_email_1\" name=\"data[form_field_MzdiM2I2NjdiMGRiX2VtYWls]\" title=\"E-Mail\" value=\"\" data-automation-id=\"form_email\" data-parsley-errors-container=\".mailpoet_error_2gp9t\" data-parsley-required=\"true\" required aria-required=\"true\" data-parsley-minlength=\"6\" data-parsley-maxlength=\"150\" data-parsley-type-message=\"Dieser Wert sollte eine g\u00fcltige E-Mail-Adresse sein.\" data-parsley-required-message=\"Dieses Feld wird ben\u00f6tigt.\"\/><span class=\"mailpoet_error_2gp9t\"><\/span><\/div>\n<div class=\"mailpoet_paragraph \"><input type=\"submit\" class=\"mailpoet_submit\" value=\"Abonnieren!\" data-automation-id=\"subscribe-submit-button\" style=\"border-color:transparent;\" \/><span class=\"mailpoet_form_loading\"><span class=\"mailpoet_bounce1\"><\/span><span class=\"mailpoet_bounce2\"><\/span><span class=\"mailpoet_bounce3\"><\/span><\/span><\/div>\n\n      <div class=\"mailpoet_message\">\n        <p class=\"mailpoet_validate_success\"\n                style=\"display:none;\"\n                >Pr\u00fcfe deinen Posteingang oder Spam-Ordner, um dein Abonnement zu best\u00e4tigen.\n        <\/p>\n        <p class=\"mailpoet_validate_error\"\n                style=\"display:none;\"\n                >        <\/p>\n      <\/div>\n    <\/form>\n\n      <\/div>\n\n  <\/div><\/div>\n","protected":false},"excerpt":{"rendered":"<p>T\u00e4glich durchgehend warme K\u00fcche ab 11.30 &#8211; 21.00 UhrSonntag bis 20.15 Uhr Die Gasthaus B\u00e4ren AG ist ein renommiertes Restaurant mit einer qualitativ hochwertigen Schweizer K\u00fcche. &nbsp; Unser Motto: regional hausgemacht frisch In Zusammenarbeit mit dem IP-Betrieb M\u00fcller Peter, Ufhusen, Ehemann von Irene M\u00fcller Chefin, verarbeitet der Chef Nussbaum Werner vom Hof produziertes Fleisch vom &hellip; <\/p>\n<p class=\"link-more\"><a href=\"http:\/\/baeren-holziken.ch\/\" class=\"more-link\"><span class=\"screen-reader-text\">\u201eHerzlich Willkommen\u201c<\/span> weiterlesen<\/a><\/p>\n","protected":false},"author":1,"featured_media":0,"parent":0,"menu_order":0,"comment_status":"closed","ping_status":"closed","template":"","meta":{"footnotes":""},"class_list":["post-10","page","type-page","status-publish","hentry"],"yoast_head":"<!-- This site is optimized with the Yoast SEO plugin v27.5 - https:\/\/yoast.com\/product\/yoast-seo-wordpress\/ -->\n<title>Herzlich Willkommen - Gasthaus B\u00e4ren Holziken<\/title>\n<meta name=\"robots\" content=\"index, follow, max-snippet:-1, max-image-preview:large, max-video-preview:-1\" \/>\n<link rel=\"canonical\" href=\"https:\/\/baeren-holziken.ch\/\" \/>\n<meta property=\"og:locale\" content=\"de_DE\" \/>\n<meta property=\"og:type\" content=\"article\" \/>\n<meta property=\"og:title\" content=\"Herzlich Willkommen - Gasthaus B\u00e4ren Holziken\" \/>\n<meta property=\"og:description\" content=\"T\u00e4glich durchgehend warme K\u00fcche ab 11.30 &#8211; 21.00 UhrSonntag bis 20.15 Uhr Die Gasthaus B\u00e4ren AG ist ein renommiertes Restaurant mit einer qualitativ hochwertigen Schweizer K\u00fcche. &nbsp; Unser Motto: regional hausgemacht frisch In Zusammenarbeit mit dem IP-Betrieb M\u00fcller Peter, Ufhusen, Ehemann von Irene M\u00fcller Chefin, verarbeitet der Chef Nussbaum Werner vom Hof produziertes Fleisch vom &hellip; \u201eHerzlich Willkommen\u201c weiterlesen\" \/>\n<meta property=\"og:url\" content=\"https:\/\/baeren-holziken.ch\/\" \/>\n<meta property=\"og:site_name\" content=\"Gasthaus B\u00e4ren Holziken\" \/>\n<meta property=\"article:modified_time\" content=\"2026-04-21T07:54:03+00:00\" \/>\n<meta property=\"og:image\" content=\"https:\/\/baeren-holziken.ch\/wp-content\/uploads\/2026\/04\/IMG_7483.jpg\" \/>\n<meta name=\"twitter:card\" content=\"summary_large_image\" \/>\n<meta name=\"twitter:label1\" content=\"Gesch\u00e4tzte Lesezeit\" \/>\n\t<meta name=\"twitter:data1\" content=\"1\u00a0Minute\" \/>\n<script type=\"application\/ld+json\" class=\"yoast-schema-graph\">{\"@context\":\"https:\\\/\\\/schema.org\",\"@graph\":[{\"@type\":\"WebPage\",\"@id\":\"https:\\\/\\\/baeren-holziken.ch\\\/\",\"url\":\"https:\\\/\\\/baeren-holziken.ch\\\/\",\"name\":\"Herzlich Willkommen - Gasthaus B\u00e4ren Holziken\",\"isPartOf\":{\"@id\":\"https:\\\/\\\/baeren-holziken.ch\\\/#website\"},\"primaryImageOfPage\":{\"@id\":\"https:\\\/\\\/baeren-holziken.ch\\\/#primaryimage\"},\"image\":{\"@id\":\"https:\\\/\\\/baeren-holziken.ch\\\/#primaryimage\"},\"thumbnailUrl\":\"https:\\\/\\\/baeren-holziken.ch\\\/wp-content\\\/uploads\\\/2026\\\/04\\\/IMG_7483.jpg\",\"datePublished\":\"2020-04-14T13:39:00+00:00\",\"dateModified\":\"2026-04-21T07:54:03+00:00\",\"breadcrumb\":{\"@id\":\"https:\\\/\\\/baeren-holziken.ch\\\/#breadcrumb\"},\"inLanguage\":\"de\",\"potentialAction\":[{\"@type\":\"ReadAction\",\"target\":[\"https:\\\/\\\/baeren-holziken.ch\\\/\"]}]},{\"@type\":\"ImageObject\",\"inLanguage\":\"de\",\"@id\":\"https:\\\/\\\/baeren-holziken.ch\\\/#primaryimage\",\"url\":\"http:\\\/\\\/baeren-holziken.ch\\\/wp-content\\\/uploads\\\/2026\\\/04\\\/IMG_7483.jpg\",\"contentUrl\":\"http:\\\/\\\/baeren-holziken.ch\\\/wp-content\\\/uploads\\\/2026\\\/04\\\/IMG_7483.jpg\",\"width\":895,\"height\":552,\"caption\":\"Screenshot\"},{\"@type\":\"BreadcrumbList\",\"@id\":\"https:\\\/\\\/baeren-holziken.ch\\\/#breadcrumb\",\"itemListElement\":[{\"@type\":\"ListItem\",\"position\":1,\"name\":\"Startseite\",\"item\":\"https:\\\/\\\/baeren-holziken.ch\\\/\"},{\"@type\":\"ListItem\",\"position\":2,\"name\":\"Herzlich Willkommen\"}]},{\"@type\":\"WebSite\",\"@id\":\"https:\\\/\\\/baeren-holziken.ch\\\/#website\",\"url\":\"https:\\\/\\\/baeren-holziken.ch\\\/\",\"name\":\"Gasthaus B\u00e4ren Holziken\",\"description\":\"Restaurant\",\"publisher\":{\"@id\":\"https:\\\/\\\/baeren-holziken.ch\\\/#organization\"},\"potentialAction\":[{\"@type\":\"SearchAction\",\"target\":{\"@type\":\"EntryPoint\",\"urlTemplate\":\"https:\\\/\\\/baeren-holziken.ch\\\/?s={search_term_string}\"},\"query-input\":{\"@type\":\"PropertyValueSpecification\",\"valueRequired\":true,\"valueName\":\"search_term_string\"}}],\"inLanguage\":\"de\"},{\"@type\":\"Organization\",\"@id\":\"https:\\\/\\\/baeren-holziken.ch\\\/#organization\",\"name\":\"Gasthaus B\u00e4ren Holziken\",\"url\":\"https:\\\/\\\/baeren-holziken.ch\\\/\",\"logo\":{\"@type\":\"ImageObject\",\"inLanguage\":\"de\",\"@id\":\"https:\\\/\\\/baeren-holziken.ch\\\/#\\\/schema\\\/logo\\\/image\\\/\",\"url\":\"https:\\\/\\\/baeren-holziken.ch\\\/wp-content\\\/uploads\\\/2024\\\/07\\\/cropped-webseitelogo-1.png\",\"contentUrl\":\"https:\\\/\\\/baeren-holziken.ch\\\/wp-content\\\/uploads\\\/2024\\\/07\\\/cropped-webseitelogo-1.png\",\"width\":512,\"height\":512,\"caption\":\"Gasthaus B\u00e4ren Holziken\"},\"image\":{\"@id\":\"https:\\\/\\\/baeren-holziken.ch\\\/#\\\/schema\\\/logo\\\/image\\\/\"}}]}<\/script>\n<!-- \/ Yoast SEO plugin. -->","yoast_head_json":{"title":"Herzlich Willkommen - Gasthaus B\u00e4ren Holziken","robots":{"index":"index","follow":"follow","max-snippet":"max-snippet:-1","max-image-preview":"max-image-preview:large","max-video-preview":"max-video-preview:-1"},"canonical":"https:\/\/baeren-holziken.ch\/","og_locale":"de_DE","og_type":"article","og_title":"Herzlich Willkommen - Gasthaus B\u00e4ren Holziken","og_description":"T\u00e4glich durchgehend warme K\u00fcche ab 11.30 &#8211; 21.00 UhrSonntag bis 20.15 Uhr Die Gasthaus B\u00e4ren AG ist ein renommiertes Restaurant mit einer qualitativ hochwertigen Schweizer K\u00fcche. &nbsp; Unser Motto: regional hausgemacht frisch In Zusammenarbeit mit dem IP-Betrieb M\u00fcller Peter, Ufhusen, Ehemann von Irene M\u00fcller Chefin, verarbeitet der Chef Nussbaum Werner vom Hof produziertes Fleisch vom &hellip; \u201eHerzlich Willkommen\u201c weiterlesen","og_url":"https:\/\/baeren-holziken.ch\/","og_site_name":"Gasthaus B\u00e4ren Holziken","article_modified_time":"2026-04-21T07:54:03+00:00","og_image":[{"url":"https:\/\/baeren-holziken.ch\/wp-content\/uploads\/2026\/04\/IMG_7483.jpg","type":"","width":"","height":""}],"twitter_card":"summary_large_image","twitter_misc":{"Gesch\u00e4tzte Lesezeit":"1\u00a0Minute"},"schema":{"@context":"https:\/\/schema.org","@graph":[{"@type":"WebPage","@id":"https:\/\/baeren-holziken.ch\/","url":"https:\/\/baeren-holziken.ch\/","name":"Herzlich Willkommen - Gasthaus B\u00e4ren Holziken","isPartOf":{"@id":"https:\/\/baeren-holziken.ch\/#website"},"primaryImageOfPage":{"@id":"https:\/\/baeren-holziken.ch\/#primaryimage"},"image":{"@id":"https:\/\/baeren-holziken.ch\/#primaryimage"},"thumbnailUrl":"https:\/\/baeren-holziken.ch\/wp-content\/uploads\/2026\/04\/IMG_7483.jpg","datePublished":"2020-04-14T13:39:00+00:00","dateModified":"2026-04-21T07:54:03+00:00","breadcrumb":{"@id":"https:\/\/baeren-holziken.ch\/#breadcrumb"},"inLanguage":"de","potentialAction":[{"@type":"ReadAction","target":["https:\/\/baeren-holziken.ch\/"]}]},{"@type":"ImageObject","inLanguage":"de","@id":"https:\/\/baeren-holziken.ch\/#primaryimage","url":"http:\/\/baeren-holziken.ch\/wp-content\/uploads\/2026\/04\/IMG_7483.jpg","contentUrl":"http:\/\/baeren-holziken.ch\/wp-content\/uploads\/2026\/04\/IMG_7483.jpg","width":895,"height":552,"caption":"Screenshot"},{"@type":"BreadcrumbList","@id":"https:\/\/baeren-holziken.ch\/#breadcrumb","itemListElement":[{"@type":"ListItem","position":1,"name":"Startseite","item":"https:\/\/baeren-holziken.ch\/"},{"@type":"ListItem","position":2,"name":"Herzlich Willkommen"}]},{"@type":"WebSite","@id":"https:\/\/baeren-holziken.ch\/#website","url":"https:\/\/baeren-holziken.ch\/","name":"Gasthaus B\u00e4ren Holziken","description":"Restaurant","publisher":{"@id":"https:\/\/baeren-holziken.ch\/#organization"},"potentialAction":[{"@type":"SearchAction","target":{"@type":"EntryPoint","urlTemplate":"https:\/\/baeren-holziken.ch\/?s={search_term_string}"},"query-input":{"@type":"PropertyValueSpecification","valueRequired":true,"valueName":"search_term_string"}}],"inLanguage":"de"},{"@type":"Organization","@id":"https:\/\/baeren-holziken.ch\/#organization","name":"Gasthaus B\u00e4ren Holziken","url":"https:\/\/baeren-holziken.ch\/","logo":{"@type":"ImageObject","inLanguage":"de","@id":"https:\/\/baeren-holziken.ch\/#\/schema\/logo\/image\/","url":"https:\/\/baeren-holziken.ch\/wp-content\/uploads\/2024\/07\/cropped-webseitelogo-1.png","contentUrl":"https:\/\/baeren-holziken.ch\/wp-content\/uploads\/2024\/07\/cropped-webseitelogo-1.png","width":512,"height":512,"caption":"Gasthaus B\u00e4ren Holziken"},"image":{"@id":"https:\/\/baeren-holziken.ch\/#\/schema\/logo\/image\/"}}]}},"_links":{"self":[{"href":"http:\/\/baeren-holziken.ch\/index.php?rest_route=\/wp\/v2\/pages\/10","targetHints":{"allow":["GET"]}}],"collection":[{"href":"http:\/\/baeren-holziken.ch\/index.php?rest_route=\/wp\/v2\/pages"}],"about":[{"href":"http:\/\/baeren-holziken.ch\/index.php?rest_route=\/wp\/v2\/types\/page"}],"author":[{"embeddable":true,"href":"http:\/\/baeren-holziken.ch\/index.php?rest_route=\/wp\/v2\/users\/1"}],"replies":[{"embeddable":true,"href":"http:\/\/baeren-holziken.ch\/index.php?rest_route=%2Fwp%2Fv2%2Fcomments&post=10"}],"version-history":[{"count":274,"href":"http:\/\/baeren-holziken.ch\/index.php?rest_route=\/wp\/v2\/pages\/10\/revisions"}],"predecessor-version":[{"id":1816,"href":"http:\/\/baeren-holziken.ch\/index.php?rest_route=\/wp\/v2\/pages\/10\/revisions\/1816"}],"wp:attachment":[{"href":"http:\/\/baeren-holziken.ch\/index.php?rest_route=%2Fwp%2Fv2%2Fmedia&parent=10"}],"curies":[{"name":"wp","href":"https:\/\/api.w.org\/{rel}","templated":true}]}}