{"id":253,"date":"2020-11-02T10:03:24","date_gmt":"2020-11-02T10:03:24","guid":{"rendered":"http:\/\/baeren-holziken.ch\/?page_id=253"},"modified":"2024-12-03T20:15:15","modified_gmt":"2024-12-03T19:15:15","slug":"take-away","status":"publish","type":"page","link":"http:\/\/baeren-holziken.ch\/?page_id=253","title":{"rendered":"Guet`s us Chef`s Metzg"},"content":{"rendered":"\n<p><strong><span class=\"has-inline-color has-vivid-red-color\">Verkauf aus Chef`s Metzgerei <\/span><\/strong><br>Di. &#8211; So. zu den \u00d6ffnungszeiten <br><\/p>\n\n\n\n<p class=\"has-black-color has-text-color\"> <strong>Immer so lang`s hed!<\/strong><br><br>Sortiment auf Anfrage!<br><br><strong>Fleischk\u00e4se<\/strong> zum selber backen in verschiedenen Gr\u00f6ssen kg\/ 20.-<br><br><strong>Holziker<\/strong>: Bauernspeck kg \/ 30.-, Landrauchschinken kg \/ 65.-<br><strong>Mostbr\u00f6ckli<\/strong> kg \/ 75.-<br><br><br>Wir freuen uns auf ihre Bestellung und Einkauf.<\/p>\n\n\n\n<p><\/p>\n","protected":false},"excerpt":{"rendered":"<p>Verkauf aus Chef`s Metzgerei Di. &#8211; So. zu den \u00d6ffnungszeiten Immer so lang`s hed! Sortiment auf Anfrage! Fleischk\u00e4se zum selber backen in verschiedenen Gr\u00f6ssen kg\/ 20.- Holziker: Bauernspeck kg \/ 30.-, Landrauchschinken kg \/ 65.-Mostbr\u00f6ckli kg \/ 75.- Wir freuen uns auf ihre Bestellung und Einkauf.<\/p>\n","protected":false},"author":1,"featured_media":0,"parent":0,"menu_order":0,"comment_status":"closed","ping_status":"closed","template":"","meta":{"footnotes":""},"class_list":["post-253","page","type-page","status-publish","hentry"],"yoast_head":"<!-- This site is optimized with the Yoast SEO plugin v27.5 - https:\/\/yoast.com\/product\/yoast-seo-wordpress\/ -->\n<title>Guet`s us Chef`s Metzg - Gasthaus B\u00e4ren Holziken<\/title>\n<meta name=\"robots\" content=\"index, follow, max-snippet:-1, max-image-preview:large, max-video-preview:-1\" \/>\n<link rel=\"canonical\" href=\"http:\/\/baeren-holziken.ch\/?page_id=253\" \/>\n<meta property=\"og:locale\" content=\"de_DE\" \/>\n<meta property=\"og:type\" content=\"article\" \/>\n<meta property=\"og:title\" content=\"Guet`s us Chef`s Metzg - Gasthaus B\u00e4ren Holziken\" \/>\n<meta property=\"og:description\" content=\"Verkauf aus Chef`s Metzgerei Di. &#8211; So. zu den \u00d6ffnungszeiten Immer so lang`s hed! Sortiment auf Anfrage! Fleischk\u00e4se zum selber backen in verschiedenen Gr\u00f6ssen kg\/ 20.- Holziker: Bauernspeck kg \/ 30.-, Landrauchschinken kg \/ 65.-Mostbr\u00f6ckli kg \/ 75.- Wir freuen uns auf ihre Bestellung und Einkauf.\" \/>\n<meta property=\"og:url\" content=\"http:\/\/baeren-holziken.ch\/?page_id=253\" \/>\n<meta property=\"og:site_name\" content=\"Gasthaus B\u00e4ren Holziken\" \/>\n<meta property=\"article:modified_time\" content=\"2024-12-03T19:15:15+00:00\" \/>\n<meta property=\"og:image\" content=\"http:\/\/baeren-holziken.ch\/wp-content\/uploads\/2024\/07\/cropped-webseitelogo-1.png\" \/>\n\t<meta property=\"og:image:width\" content=\"512\" \/>\n\t<meta property=\"og:image:height\" content=\"512\" \/>\n\t<meta property=\"og:image:type\" content=\"image\/png\" \/>\n<meta name=\"twitter:card\" content=\"summary_large_image\" \/>\n<meta name=\"twitter:label1\" content=\"Gesch\u00e4tzte Lesezeit\" \/>\n\t<meta name=\"twitter:data1\" content=\"1\u00a0Minute\" \/>\n<script type=\"application\/ld+json\" class=\"yoast-schema-graph\">{\"@context\":\"https:\\\/\\\/schema.org\",\"@graph\":[{\"@type\":\"WebPage\",\"@id\":\"http:\\\/\\\/baeren-holziken.ch\\\/?page_id=253\",\"url\":\"http:\\\/\\\/baeren-holziken.ch\\\/?page_id=253\",\"name\":\"Guet`s us Chef`s Metzg - Gasthaus B\u00e4ren Holziken\",\"isPartOf\":{\"@id\":\"https:\\\/\\\/baeren-holziken.ch\\\/#website\"},\"datePublished\":\"2020-11-02T10:03:24+00:00\",\"dateModified\":\"2024-12-03T19:15:15+00:00\",\"breadcrumb\":{\"@id\":\"http:\\\/\\\/baeren-holziken.ch\\\/?page_id=253#breadcrumb\"},\"inLanguage\":\"de\",\"potentialAction\":[{\"@type\":\"ReadAction\",\"target\":[\"http:\\\/\\\/baeren-holziken.ch\\\/?page_id=253\"]}]},{\"@type\":\"BreadcrumbList\",\"@id\":\"http:\\\/\\\/baeren-holziken.ch\\\/?page_id=253#breadcrumb\",\"itemListElement\":[{\"@type\":\"ListItem\",\"position\":1,\"name\":\"Startseite\",\"item\":\"https:\\\/\\\/baeren-holziken.ch\\\/\"},{\"@type\":\"ListItem\",\"position\":2,\"name\":\"Guet`s us Chef`s Metzg\"}]},{\"@type\":\"WebSite\",\"@id\":\"https:\\\/\\\/baeren-holziken.ch\\\/#website\",\"url\":\"https:\\\/\\\/baeren-holziken.ch\\\/\",\"name\":\"Gasthaus B\u00e4ren Holziken\",\"description\":\"Restaurant\",\"publisher\":{\"@id\":\"https:\\\/\\\/baeren-holziken.ch\\\/#organization\"},\"potentialAction\":[{\"@type\":\"SearchAction\",\"target\":{\"@type\":\"EntryPoint\",\"urlTemplate\":\"https:\\\/\\\/baeren-holziken.ch\\\/?s={search_term_string}\"},\"query-input\":{\"@type\":\"PropertyValueSpecification\",\"valueRequired\":true,\"valueName\":\"search_term_string\"}}],\"inLanguage\":\"de\"},{\"@type\":\"Organization\",\"@id\":\"https:\\\/\\\/baeren-holziken.ch\\\/#organization\",\"name\":\"Gasthaus B\u00e4ren Holziken\",\"url\":\"https:\\\/\\\/baeren-holziken.ch\\\/\",\"logo\":{\"@type\":\"ImageObject\",\"inLanguage\":\"de\",\"@id\":\"https:\\\/\\\/baeren-holziken.ch\\\/#\\\/schema\\\/logo\\\/image\\\/\",\"url\":\"https:\\\/\\\/baeren-holziken.ch\\\/wp-content\\\/uploads\\\/2024\\\/07\\\/cropped-webseitelogo-1.png\",\"contentUrl\":\"https:\\\/\\\/baeren-holziken.ch\\\/wp-content\\\/uploads\\\/2024\\\/07\\\/cropped-webseitelogo-1.png\",\"width\":512,\"height\":512,\"caption\":\"Gasthaus B\u00e4ren Holziken\"},\"image\":{\"@id\":\"https:\\\/\\\/baeren-holziken.ch\\\/#\\\/schema\\\/logo\\\/image\\\/\"}}]}<\/script>\n<!-- \/ Yoast SEO plugin. -->","yoast_head_json":{"title":"Guet`s us Chef`s Metzg - Gasthaus B\u00e4ren Holziken","robots":{"index":"index","follow":"follow","max-snippet":"max-snippet:-1","max-image-preview":"max-image-preview:large","max-video-preview":"max-video-preview:-1"},"canonical":"http:\/\/baeren-holziken.ch\/?page_id=253","og_locale":"de_DE","og_type":"article","og_title":"Guet`s us Chef`s Metzg - Gasthaus B\u00e4ren Holziken","og_description":"Verkauf aus Chef`s Metzgerei Di. &#8211; So. zu den \u00d6ffnungszeiten Immer so lang`s hed! Sortiment auf Anfrage! Fleischk\u00e4se zum selber backen in verschiedenen Gr\u00f6ssen kg\/ 20.- Holziker: Bauernspeck kg \/ 30.-, Landrauchschinken kg \/ 65.-Mostbr\u00f6ckli kg \/ 75.- Wir freuen uns auf ihre Bestellung und Einkauf.","og_url":"http:\/\/baeren-holziken.ch\/?page_id=253","og_site_name":"Gasthaus B\u00e4ren Holziken","article_modified_time":"2024-12-03T19:15:15+00:00","og_image":[{"width":512,"height":512,"url":"http:\/\/baeren-holziken.ch\/wp-content\/uploads\/2024\/07\/cropped-webseitelogo-1.png","type":"image\/png"}],"twitter_card":"summary_large_image","twitter_misc":{"Gesch\u00e4tzte Lesezeit":"1\u00a0Minute"},"schema":{"@context":"https:\/\/schema.org","@graph":[{"@type":"WebPage","@id":"http:\/\/baeren-holziken.ch\/?page_id=253","url":"http:\/\/baeren-holziken.ch\/?page_id=253","name":"Guet`s us Chef`s Metzg - Gasthaus B\u00e4ren Holziken","isPartOf":{"@id":"https:\/\/baeren-holziken.ch\/#website"},"datePublished":"2020-11-02T10:03:24+00:00","dateModified":"2024-12-03T19:15:15+00:00","breadcrumb":{"@id":"http:\/\/baeren-holziken.ch\/?page_id=253#breadcrumb"},"inLanguage":"de","potentialAction":[{"@type":"ReadAction","target":["http:\/\/baeren-holziken.ch\/?page_id=253"]}]},{"@type":"BreadcrumbList","@id":"http:\/\/baeren-holziken.ch\/?page_id=253#breadcrumb","itemListElement":[{"@type":"ListItem","position":1,"name":"Startseite","item":"https:\/\/baeren-holziken.ch\/"},{"@type":"ListItem","position":2,"name":"Guet`s us Chef`s Metzg"}]},{"@type":"WebSite","@id":"https:\/\/baeren-holziken.ch\/#website","url":"https:\/\/baeren-holziken.ch\/","name":"Gasthaus B\u00e4ren Holziken","description":"Restaurant","publisher":{"@id":"https:\/\/baeren-holziken.ch\/#organization"},"potentialAction":[{"@type":"SearchAction","target":{"@type":"EntryPoint","urlTemplate":"https:\/\/baeren-holziken.ch\/?s={search_term_string}"},"query-input":{"@type":"PropertyValueSpecification","valueRequired":true,"valueName":"search_term_string"}}],"inLanguage":"de"},{"@type":"Organization","@id":"https:\/\/baeren-holziken.ch\/#organization","name":"Gasthaus B\u00e4ren Holziken","url":"https:\/\/baeren-holziken.ch\/","logo":{"@type":"ImageObject","inLanguage":"de","@id":"https:\/\/baeren-holziken.ch\/#\/schema\/logo\/image\/","url":"https:\/\/baeren-holziken.ch\/wp-content\/uploads\/2024\/07\/cropped-webseitelogo-1.png","contentUrl":"https:\/\/baeren-holziken.ch\/wp-content\/uploads\/2024\/07\/cropped-webseitelogo-1.png","width":512,"height":512,"caption":"Gasthaus B\u00e4ren Holziken"},"image":{"@id":"https:\/\/baeren-holziken.ch\/#\/schema\/logo\/image\/"}}]}},"_links":{"self":[{"href":"http:\/\/baeren-holziken.ch\/index.php?rest_route=\/wp\/v2\/pages\/253","targetHints":{"allow":["GET"]}}],"collection":[{"href":"http:\/\/baeren-holziken.ch\/index.php?rest_route=\/wp\/v2\/pages"}],"about":[{"href":"http:\/\/baeren-holziken.ch\/index.php?rest_route=\/wp\/v2\/types\/page"}],"author":[{"embeddable":true,"href":"http:\/\/baeren-holziken.ch\/index.php?rest_route=\/wp\/v2\/users\/1"}],"replies":[{"embeddable":true,"href":"http:\/\/baeren-holziken.ch\/index.php?rest_route=%2Fwp%2Fv2%2Fcomments&post=253"}],"version-history":[{"count":43,"href":"http:\/\/baeren-holziken.ch\/index.php?rest_route=\/wp\/v2\/pages\/253\/revisions"}],"predecessor-version":[{"id":1540,"href":"http:\/\/baeren-holziken.ch\/index.php?rest_route=\/wp\/v2\/pages\/253\/revisions\/1540"}],"wp:attachment":[{"href":"http:\/\/baeren-holziken.ch\/index.php?rest_route=%2Fwp%2Fv2%2Fmedia&parent=253"}],"curies":[{"name":"wp","href":"https:\/\/api.w.org\/{rel}","templated":true}]}}