{"id":48,"date":"2020-04-14T14:07:02","date_gmt":"2020-04-14T14:07:02","guid":{"rendered":"http:\/\/baeren-holziken.ch\/?page_id=48"},"modified":"2025-12-02T10:59:44","modified_gmt":"2025-12-02T09:59:44","slug":"jobs","status":"publish","type":"page","link":"http:\/\/baeren-holziken.ch\/?page_id=48","title":{"rendered":"Jobs"},"content":{"rendered":"\n<p><strong>Schnupper-Tage f\u00fcr Koch\/ K\u00f6chin EFZ und EBA <\/strong><br><strong>oder Restaurationsfachfrau \/ mann EFZ<\/strong><span class=\"has-inline-color has-vivid-red-color\"><br><\/span>jederzeit m\u00f6glich. <br>Kurzbewerbung und Motivations- Schreiben<\/p>\n\n\n\n<p class=\"has-luminous-vivid-amber-background-color has-background\"><strong>Keine Lehrstellen offen<\/strong><\/p>\n\n\n\n<p class=\"has-text-align-left has-white-background-color has-background\"><mark style=\"background-color:rgba(0, 0, 0, 0)\" class=\"has-inline-color has-vivid-red-color\"><strong>Unser Service- Team sucht dich&#8230;.<br>Service- Aushilfe im Stundenlohn<\/strong><\/mark><br>Service- Aushilfe f\u00fcr Wochenende gesucht.<br>Fr. und Sa. Abend, So. verschiedene Eins\u00e4tze<br>Du verf\u00fcgst \u00fcber Erfahrung im a la Carte und Bankettservice.<br>Du beherrscht und verstehst die deutsche Sprache.<br>Du bist freundlich, ehrlich, flexibel, zielorientiert, zuverl\u00e4ssig und selbst\u00e4ndiges Arbeiten<br>gewohnt.<br><br><br><strong><mark style=\"background-color:rgba(0, 0, 0, 0)\" class=\"has-inline-color has-vivid-red-color\">Unser K\u00fcchen &#8211; Team sucht dich&#8230;..<br>K\u00fcchenhilfe im Stundenlohn<\/mark><\/strong><br>Du verf\u00fcgst \u00fcber Erfahrung in der kalten K\u00fcche \/ Dessert\/<br>Reinigung<br>Du beherrscht und verstehst die deutsche Sprache.<br>1-2 Wochenenden Sa.\/So. pro Monat und Ferienabl\u00f6se<br>4-6 Eins\u00e4tze pro Monat. Fix geplante Eins\u00e4tze im voraus.<br><br><mark style=\"background-color:rgba(0, 0, 0, 0)\" class=\"has-inline-color has-luminous-vivid-amber-color\"><strong>So jetzt m\u00f6chten wir dich kennenlernen!<\/strong><br>Bewerbungsunterlagen mit Foto: gasthaus.baeren@bluewin.ch<br>Weiter Infos unter 062 721 04 04 Fr. M\u00fcller verlangen.<\/mark><strong><br><\/strong><br><strong>Offene Stelle Buffet f\u00fcr Sch\u00fcler\/ in oder Student\/in<\/strong><br>Fr.- Abend, Sa.- Abend, So. &#8211; Mittag oder Abend<br>Bewerbung mit Foto an: gasthaus.baeren@bluewin.ch<br><br><\/p>\n\n\n\n<p class=\"has-text-align-left has-white-background-color has-background\"><\/p>\n\n\n\n<p class=\"has-text-align-left has-white-background-color has-background\"><\/p>\n\n\n\n<p><\/p>\n","protected":false},"excerpt":{"rendered":"<p>Schnupper-Tage f\u00fcr Koch\/ K\u00f6chin EFZ und EBA oder Restaurationsfachfrau \/ mann EFZjederzeit m\u00f6glich. Kurzbewerbung und Motivations- Schreiben Keine Lehrstellen offen Unser Service- Team sucht dich&#8230;.Service- Aushilfe im StundenlohnService- Aushilfe f\u00fcr Wochenende gesucht.Fr. und Sa. Abend, So. verschiedene Eins\u00e4tzeDu verf\u00fcgst \u00fcber Erfahrung im a la Carte und Bankettservice.Du beherrscht und verstehst die deutsche Sprache.Du bist freundlich, &hellip; <\/p>\n<p class=\"link-more\"><a href=\"http:\/\/baeren-holziken.ch\/?page_id=48\" class=\"more-link\"><span class=\"screen-reader-text\">\u201eJobs\u201c<\/span> weiterlesen<\/a><\/p>\n","protected":false},"author":1,"featured_media":0,"parent":0,"menu_order":0,"comment_status":"closed","ping_status":"closed","template":"","meta":{"footnotes":""},"class_list":["post-48","page","type-page","status-publish","hentry"],"yoast_head":"<!-- This site is optimized with the Yoast SEO plugin v27.5 - https:\/\/yoast.com\/product\/yoast-seo-wordpress\/ -->\n<title>Jobs - Gasthaus B\u00e4ren Holziken<\/title>\n<meta name=\"robots\" content=\"index, follow, max-snippet:-1, max-image-preview:large, max-video-preview:-1\" \/>\n<link rel=\"canonical\" href=\"http:\/\/baeren-holziken.ch\/?page_id=48\" \/>\n<meta property=\"og:locale\" content=\"de_DE\" \/>\n<meta property=\"og:type\" content=\"article\" \/>\n<meta property=\"og:title\" content=\"Jobs - Gasthaus B\u00e4ren Holziken\" \/>\n<meta property=\"og:description\" content=\"Schnupper-Tage f\u00fcr Koch\/ K\u00f6chin EFZ und EBA oder Restaurationsfachfrau \/ mann EFZjederzeit m\u00f6glich. Kurzbewerbung und Motivations- Schreiben Keine Lehrstellen offen Unser Service- Team sucht dich&#8230;.Service- Aushilfe im StundenlohnService- Aushilfe f\u00fcr Wochenende gesucht.Fr. und Sa. Abend, So. verschiedene Eins\u00e4tzeDu verf\u00fcgst \u00fcber Erfahrung im a la Carte und Bankettservice.Du beherrscht und verstehst die deutsche Sprache.Du bist freundlich, &hellip; \u201eJobs\u201c weiterlesen\" \/>\n<meta property=\"og:url\" content=\"http:\/\/baeren-holziken.ch\/?page_id=48\" \/>\n<meta property=\"og:site_name\" content=\"Gasthaus B\u00e4ren Holziken\" \/>\n<meta property=\"article:modified_time\" content=\"2025-12-02T09:59:44+00:00\" \/>\n<meta property=\"og:image\" content=\"http:\/\/baeren-holziken.ch\/wp-content\/uploads\/2024\/07\/cropped-webseitelogo-1.png\" \/>\n\t<meta property=\"og:image:width\" content=\"512\" \/>\n\t<meta property=\"og:image:height\" content=\"512\" \/>\n\t<meta property=\"og:image:type\" content=\"image\/png\" \/>\n<meta name=\"twitter:card\" content=\"summary_large_image\" \/>\n<meta name=\"twitter:label1\" content=\"Gesch\u00e4tzte Lesezeit\" \/>\n\t<meta name=\"twitter:data1\" content=\"1\u00a0Minute\" \/>\n<script type=\"application\/ld+json\" class=\"yoast-schema-graph\">{\"@context\":\"https:\\\/\\\/schema.org\",\"@graph\":[{\"@type\":\"WebPage\",\"@id\":\"http:\\\/\\\/baeren-holziken.ch\\\/?page_id=48\",\"url\":\"http:\\\/\\\/baeren-holziken.ch\\\/?page_id=48\",\"name\":\"Jobs - Gasthaus B\u00e4ren Holziken\",\"isPartOf\":{\"@id\":\"https:\\\/\\\/baeren-holziken.ch\\\/#website\"},\"datePublished\":\"2020-04-14T14:07:02+00:00\",\"dateModified\":\"2025-12-02T09:59:44+00:00\",\"breadcrumb\":{\"@id\":\"http:\\\/\\\/baeren-holziken.ch\\\/?page_id=48#breadcrumb\"},\"inLanguage\":\"de\",\"potentialAction\":[{\"@type\":\"ReadAction\",\"target\":[\"http:\\\/\\\/baeren-holziken.ch\\\/?page_id=48\"]}]},{\"@type\":\"BreadcrumbList\",\"@id\":\"http:\\\/\\\/baeren-holziken.ch\\\/?page_id=48#breadcrumb\",\"itemListElement\":[{\"@type\":\"ListItem\",\"position\":1,\"name\":\"Startseite\",\"item\":\"https:\\\/\\\/baeren-holziken.ch\\\/\"},{\"@type\":\"ListItem\",\"position\":2,\"name\":\"Jobs\"}]},{\"@type\":\"WebSite\",\"@id\":\"https:\\\/\\\/baeren-holziken.ch\\\/#website\",\"url\":\"https:\\\/\\\/baeren-holziken.ch\\\/\",\"name\":\"Gasthaus B\u00e4ren Holziken\",\"description\":\"Restaurant\",\"publisher\":{\"@id\":\"https:\\\/\\\/baeren-holziken.ch\\\/#organization\"},\"potentialAction\":[{\"@type\":\"SearchAction\",\"target\":{\"@type\":\"EntryPoint\",\"urlTemplate\":\"https:\\\/\\\/baeren-holziken.ch\\\/?s={search_term_string}\"},\"query-input\":{\"@type\":\"PropertyValueSpecification\",\"valueRequired\":true,\"valueName\":\"search_term_string\"}}],\"inLanguage\":\"de\"},{\"@type\":\"Organization\",\"@id\":\"https:\\\/\\\/baeren-holziken.ch\\\/#organization\",\"name\":\"Gasthaus B\u00e4ren Holziken\",\"url\":\"https:\\\/\\\/baeren-holziken.ch\\\/\",\"logo\":{\"@type\":\"ImageObject\",\"inLanguage\":\"de\",\"@id\":\"https:\\\/\\\/baeren-holziken.ch\\\/#\\\/schema\\\/logo\\\/image\\\/\",\"url\":\"https:\\\/\\\/baeren-holziken.ch\\\/wp-content\\\/uploads\\\/2024\\\/07\\\/cropped-webseitelogo-1.png\",\"contentUrl\":\"https:\\\/\\\/baeren-holziken.ch\\\/wp-content\\\/uploads\\\/2024\\\/07\\\/cropped-webseitelogo-1.png\",\"width\":512,\"height\":512,\"caption\":\"Gasthaus B\u00e4ren Holziken\"},\"image\":{\"@id\":\"https:\\\/\\\/baeren-holziken.ch\\\/#\\\/schema\\\/logo\\\/image\\\/\"}}]}<\/script>\n<!-- \/ Yoast SEO plugin. -->","yoast_head_json":{"title":"Jobs - Gasthaus B\u00e4ren Holziken","robots":{"index":"index","follow":"follow","max-snippet":"max-snippet:-1","max-image-preview":"max-image-preview:large","max-video-preview":"max-video-preview:-1"},"canonical":"http:\/\/baeren-holziken.ch\/?page_id=48","og_locale":"de_DE","og_type":"article","og_title":"Jobs - Gasthaus B\u00e4ren Holziken","og_description":"Schnupper-Tage f\u00fcr Koch\/ K\u00f6chin EFZ und EBA oder Restaurationsfachfrau \/ mann EFZjederzeit m\u00f6glich. Kurzbewerbung und Motivations- Schreiben Keine Lehrstellen offen Unser Service- Team sucht dich&#8230;.Service- Aushilfe im StundenlohnService- Aushilfe f\u00fcr Wochenende gesucht.Fr. und Sa. Abend, So. verschiedene Eins\u00e4tzeDu verf\u00fcgst \u00fcber Erfahrung im a la Carte und Bankettservice.Du beherrscht und verstehst die deutsche Sprache.Du bist freundlich, &hellip; \u201eJobs\u201c weiterlesen","og_url":"http:\/\/baeren-holziken.ch\/?page_id=48","og_site_name":"Gasthaus B\u00e4ren Holziken","article_modified_time":"2025-12-02T09:59:44+00:00","og_image":[{"width":512,"height":512,"url":"http:\/\/baeren-holziken.ch\/wp-content\/uploads\/2024\/07\/cropped-webseitelogo-1.png","type":"image\/png"}],"twitter_card":"summary_large_image","twitter_misc":{"Gesch\u00e4tzte Lesezeit":"1\u00a0Minute"},"schema":{"@context":"https:\/\/schema.org","@graph":[{"@type":"WebPage","@id":"http:\/\/baeren-holziken.ch\/?page_id=48","url":"http:\/\/baeren-holziken.ch\/?page_id=48","name":"Jobs - Gasthaus B\u00e4ren Holziken","isPartOf":{"@id":"https:\/\/baeren-holziken.ch\/#website"},"datePublished":"2020-04-14T14:07:02+00:00","dateModified":"2025-12-02T09:59:44+00:00","breadcrumb":{"@id":"http:\/\/baeren-holziken.ch\/?page_id=48#breadcrumb"},"inLanguage":"de","potentialAction":[{"@type":"ReadAction","target":["http:\/\/baeren-holziken.ch\/?page_id=48"]}]},{"@type":"BreadcrumbList","@id":"http:\/\/baeren-holziken.ch\/?page_id=48#breadcrumb","itemListElement":[{"@type":"ListItem","position":1,"name":"Startseite","item":"https:\/\/baeren-holziken.ch\/"},{"@type":"ListItem","position":2,"name":"Jobs"}]},{"@type":"WebSite","@id":"https:\/\/baeren-holziken.ch\/#website","url":"https:\/\/baeren-holziken.ch\/","name":"Gasthaus B\u00e4ren Holziken","description":"Restaurant","publisher":{"@id":"https:\/\/baeren-holziken.ch\/#organization"},"potentialAction":[{"@type":"SearchAction","target":{"@type":"EntryPoint","urlTemplate":"https:\/\/baeren-holziken.ch\/?s={search_term_string}"},"query-input":{"@type":"PropertyValueSpecification","valueRequired":true,"valueName":"search_term_string"}}],"inLanguage":"de"},{"@type":"Organization","@id":"https:\/\/baeren-holziken.ch\/#organization","name":"Gasthaus B\u00e4ren Holziken","url":"https:\/\/baeren-holziken.ch\/","logo":{"@type":"ImageObject","inLanguage":"de","@id":"https:\/\/baeren-holziken.ch\/#\/schema\/logo\/image\/","url":"https:\/\/baeren-holziken.ch\/wp-content\/uploads\/2024\/07\/cropped-webseitelogo-1.png","contentUrl":"https:\/\/baeren-holziken.ch\/wp-content\/uploads\/2024\/07\/cropped-webseitelogo-1.png","width":512,"height":512,"caption":"Gasthaus B\u00e4ren Holziken"},"image":{"@id":"https:\/\/baeren-holziken.ch\/#\/schema\/logo\/image\/"}}]}},"_links":{"self":[{"href":"http:\/\/baeren-holziken.ch\/index.php?rest_route=\/wp\/v2\/pages\/48","targetHints":{"allow":["GET"]}}],"collection":[{"href":"http:\/\/baeren-holziken.ch\/index.php?rest_route=\/wp\/v2\/pages"}],"about":[{"href":"http:\/\/baeren-holziken.ch\/index.php?rest_route=\/wp\/v2\/types\/page"}],"author":[{"embeddable":true,"href":"http:\/\/baeren-holziken.ch\/index.php?rest_route=\/wp\/v2\/users\/1"}],"replies":[{"embeddable":true,"href":"http:\/\/baeren-holziken.ch\/index.php?rest_route=%2Fwp%2Fv2%2Fcomments&post=48"}],"version-history":[{"count":40,"href":"http:\/\/baeren-holziken.ch\/index.php?rest_route=\/wp\/v2\/pages\/48\/revisions"}],"predecessor-version":[{"id":1747,"href":"http:\/\/baeren-holziken.ch\/index.php?rest_route=\/wp\/v2\/pages\/48\/revisions\/1747"}],"wp:attachment":[{"href":"http:\/\/baeren-holziken.ch\/index.php?rest_route=%2Fwp%2Fv2%2Fmedia&parent=48"}],"curies":[{"name":"wp","href":"https:\/\/api.w.org\/{rel}","templated":true}]}}